{"id":3027,"date":"2024-09-02T11:37:47","date_gmt":"2024-09-02T09:37:47","guid":{"rendered":"https:\/\/elektropaks.pl\/?page_id=3027"},"modified":"2025-06-10T14:10:51","modified_gmt":"2025-06-10T12:10:51","slug":"eu-projects","status":"publish","type":"page","link":"https:\/\/elektropaks.pl\/en\/eu-projects\/","title":{"rendered":"EU Projects"},"content":{"rendered":"\t\t<div data-elementor-type=\"wp-page\" data-elementor-id=\"3027\" class=\"elementor elementor-3027 elementor-1695\" data-elementor-settings=\"{&quot;ha_cmc_init_switcher&quot;:&quot;no&quot;}\" data-elementor-post-type=\"page\">\n\t\t\t\t<div class=\"elementor-element elementor-element-a0ffa71 e-flex e-con-boxed wpr-particle-no wpr-jarallax-no wpr-parallax-no wpr-sticky-section-no e-con e-parent\" data-id=\"a0ffa71\" data-element_type=\"container\" data-e-type=\"container\" data-settings=\"{&quot;background_background&quot;:&quot;classic&quot;,&quot;_ha_eqh_enable&quot;:false}\">\n\t\t\t\t\t<div class=\"e-con-inner\">\n\t\t<div class=\"elementor-element elementor-element-9de5196 e-con-full e-flex wpr-particle-no wpr-jarallax-no wpr-parallax-no wpr-sticky-section-no e-con e-child\" data-id=\"9de5196\" data-element_type=\"container\" data-e-type=\"container\" data-settings=\"{&quot;_ha_eqh_enable&quot;:false}\">\n\t\t\t\t<div class=\"elementor-element elementor-element-2679d83 elementor-widget elementor-widget-heading\" data-id=\"2679d83\" data-element_type=\"widget\" data-e-type=\"widget\" data-widget_type=\"heading.default\">\n\t\t\t\t<div class=\"elementor-widget-container\">\n\t\t\t\t\t<h1 class=\"elementor-heading-title elementor-size-default\">EU Projects<\/h1>\t\t\t\t<\/div>\n\t\t\t\t<\/div>\n\t\t\t\t<div class=\"elementor-element elementor-element-fcc3f68 elementor-widget-divider--view-line elementor-widget elementor-widget-divider\" data-id=\"fcc3f68\" data-element_type=\"widget\" data-e-type=\"widget\" data-widget_type=\"divider.default\">\n\t\t\t\t<div class=\"elementor-widget-container\">\n\t\t\t\t\t\t\t<div class=\"elementor-divider\">\n\t\t\t<span class=\"elementor-divider-separator\">\n\t\t\t\t\t\t<\/span>\n\t\t<\/div>\n\t\t\t\t\t\t<\/div>\n\t\t\t\t<\/div>\n\t\t\t\t<\/div>\n\t\t\t\t\t<\/div>\n\t\t\t\t<\/div>\n\t\t<div class=\"elementor-element elementor-element-a5ca211 e-flex e-con-boxed wpr-particle-no wpr-jarallax-no wpr-parallax-no wpr-sticky-section-no e-con e-parent\" data-id=\"a5ca211\" data-element_type=\"container\" data-e-type=\"container\" data-settings=\"{&quot;background_background&quot;:&quot;classic&quot;,&quot;_ha_eqh_enable&quot;:false}\">\n\t\t\t\t\t<div class=\"e-con-inner\">\n\t\t<div class=\"elementor-element elementor-element-649087a e-con-full e-flex wpr-particle-no wpr-jarallax-no wpr-parallax-no wpr-sticky-section-no e-con e-child\" data-id=\"649087a\" data-element_type=\"container\" data-e-type=\"container\" data-settings=\"{&quot;_ha_eqh_enable&quot;:false}\">\n\t\t\t\t<div class=\"elementor-element elementor-element-50a86dc elementor-widget elementor-widget-image\" data-id=\"50a86dc\" data-element_type=\"widget\" data-e-type=\"widget\" data-widget_type=\"image.default\">\n\t\t\t\t<div class=\"elementor-widget-container\">\n\t\t\t\t\t\t\t\t\t\t\t\t\t\t\t<img decoding=\"async\" width=\"363\" height=\"29\" src=\"https:\/\/elektropaks.pl\/wp-content\/uploads\/2024\/09\/loga_ue-e1725270066671.jpg\" class=\"attachment-large size-large wp-image-2727\" alt=\"\" srcset=\"https:\/\/elektropaks.pl\/wp-content\/uploads\/2024\/09\/loga_ue-e1725270066671.jpg 363w, https:\/\/elektropaks.pl\/wp-content\/uploads\/2024\/09\/loga_ue-e1725270066671-300x24.jpg 300w\" sizes=\"(max-width: 363px) 100vw, 363px\" \/>\t\t\t\t\t\t\t\t\t\t\t\t\t\t\t<\/div>\n\t\t\t\t<\/div>\n\t\t\t\t<div class=\"elementor-element elementor-element-1d4131e elementor-widget elementor-widget-text-editor\" data-id=\"1d4131e\" data-element_type=\"widget\" data-e-type=\"widget\" data-widget_type=\"text-editor.default\">\n\t\t\t\t<div class=\"elementor-widget-container\">\n\t\t\t\t\t\t\t\t\t<p><strong>ELEKTROPAKS Sp. z o.o.<\/strong> completed a project under Priority Axis 4 Environmentally Friendly Energy, Measure 4.2 Production of Energy from RES in Enterprises, of the Regional Operational Program of Lubelskie Voivodeship for the years 2014-2020:<\/p><p>RPLU.04.02.00-06-0324\/20 &#8211; Production of energy from RES at Elektropaks Sp. z o.o.<\/p><p>As part of this project, three photovoltaic installations with a total capacity of up to 131 kWp were installed on the roofs of buildings located in Pu\u0142awy:<\/p><p>Office &#8211; ul. D\u0119bli\u0144ska 6, 24-110 Pu\u0142awy<br \/>Warehouse &#8211; ul. D\u0119bli\u0144ska 4D, 24-100 Pu\u0142awy<br \/>Hotel Facility &#8211; ul. 6-go Sierpnia 43B, 24-100 Pu\u0142awy<\/p><hr \/><p><br \/><strong>Elektropaks Sp. z o.o.<\/strong> also completed three projects co-financed by the European Union and the national budget under the Regional Operational Program of Lubelskie Voivodeship 2007-2013:<\/p><p>&#8220;Increasing the competitiveness of the Elektropaks Production, Trade, and Service Company through the acquisition of innovative technologies and the use of information and communication technologies (ICT).&#8221;<br \/>&#8220;Strengthening machinery, technological, and human resource potential to increase ELEKTROPAKS&#8217;s competitiveness in the domestic market.&#8221;<br \/>&#8220;Hotel and catering complex &#8220;Trzy Korony&#8221;. Project No.: 03.09-WND-RPLU.01.05.00-06-017\/09.&#8221;<\/p>\t\t\t\t\t\t\t\t<\/div>\n\t\t\t\t<\/div>\n\t\t\t\t<\/div>\n\t\t\t\t\t<\/div>\n\t\t\t\t<\/div>\n\t\t\t\t<\/div>\n\t\t","protected":false},"excerpt":{"rendered":"<p>EU Projects ELEKTROPAKS Sp. z o.o. completed a project under Priority Axis 4 Environmentally Friendly Energy, Measure 4.2 Production of Energy from RES in Enterprises, of the Regional Operational Program of Lubelskie Voivodeship for the years 2014-2020: RPLU.04.02.00-06-0324\/20 &#8211; Production of energy from RES at Elektropaks Sp. z o.o. As part of this project, three photovoltaic installations with a total capacity of up to 131 kWp were installed on the roofs of buildings located in Pu\u0142awy: Office &#8211; ul. D\u0119bli\u0144ska 6, 24-110 Pu\u0142awyWarehouse &#8211; ul. D\u0119bli\u0144ska 4D, 24-100 Pu\u0142awyHotel Facility &#8211; ul. 6-go Sierpnia 43B, 24-100 Pu\u0142awy Elektropaks Sp. z o.o. also completed three projects co-financed by the European Union and the national budget under the Regional Operational Program of Lubelskie Voivodeship 2007-2013: &#8220;Increasing the competitiveness of the Elektropaks Production, Trade, and Service Company through the acquisition of innovative technologies and the use of information and communication technologies (ICT).&#8221;&#8220;Strengthening machinery, technological, and human resource potential to increase ELEKTROPAKS&#8217;s competitiveness in the domestic market.&#8221;&#8220;Hotel and catering complex &#8220;Trzy Korony&#8221;. Project No.: 03.09-WND-RPLU.01.05.00-06-017\/09.&#8221;<\/p>\n","protected":false},"author":1,"featured_media":0,"parent":0,"menu_order":0,"comment_status":"closed","ping_status":"closed","template":"","meta":{"_acf_changed":false,"site-sidebar-layout":"no-sidebar","site-content-layout":"page-builder","ast-site-content-layout":"full-width-container","site-content-style":"unboxed","site-sidebar-style":"unboxed","ast-global-header-display":"","ast-banner-title-visibility":"","ast-main-header-display":"","ast-hfb-above-header-display":"","ast-hfb-below-header-display":"","ast-hfb-mobile-header-display":"","site-post-title":"disabled","ast-breadcrumbs-content":"disabled","ast-featured-img":"disabled","footer-sml-layout":"","ast-disable-related-posts":"","theme-transparent-header-meta":"enabled","adv-header-id-meta":"","stick-header-meta":"","header-above-stick-meta":"","header-main-stick-meta":"","header-below-stick-meta":"","astra-migrate-meta-layouts":"set","ast-page-background-enabled":"default","ast-page-background-meta":{"desktop":{"background-color":"","background-image":"","background-repeat":"repeat","background-position":"center center","background-size":"auto","background-attachment":"scroll","background-type":"","background-media":"","overlay-type":"","overlay-color":"","overlay-opacity":"","overlay-gradient":""},"tablet":{"background-color":"","background-image":"","background-repeat":"repeat","background-position":"center center","background-size":"auto","background-attachment":"scroll","background-type":"","background-media":"","overlay-type":"","overlay-color":"","overlay-opacity":"","overlay-gradient":""},"mobile":{"background-color":"","background-image":"","background-repeat":"repeat","background-position":"center center","background-size":"auto","background-attachment":"scroll","background-type":"","background-media":"","overlay-type":"","overlay-color":"","overlay-opacity":"","overlay-gradient":""}},"ast-content-background-meta":{"desktop":{"background-color":"var(--ast-global-color-4)","background-image":"","background-repeat":"repeat","background-position":"center center","background-size":"auto","background-attachment":"scroll","background-type":"","background-media":"","overlay-type":"","overlay-color":"","overlay-opacity":"","overlay-gradient":""},"tablet":{"background-color":"var(--ast-global-color-4)","background-image":"","background-repeat":"repeat","background-position":"center center","background-size":"auto","background-attachment":"scroll","background-type":"","background-media":"","overlay-type":"","overlay-color":"","overlay-opacity":"","overlay-gradient":""},"mobile":{"background-color":"var(--ast-global-color-4)","background-image":"","background-repeat":"repeat","background-position":"center center","background-size":"auto","background-attachment":"scroll","background-type":"","background-media":"","overlay-type":"","overlay-color":"","overlay-opacity":"","overlay-gradient":""}},"footnotes":""},"class_list":["post-3027","page","type-page","status-publish","hentry"],"acf":[],"yoast_head":"<!-- This site is optimized with the Yoast SEO plugin v27.0 - https:\/\/yoast.com\/product\/yoast-seo-wordpress\/ -->\n<title>EU Projects - Projektowanie, budowa oraz modernizacja: linii WN i Sn, stacji energetycznych<\/title>\n<meta name=\"robots\" content=\"index, follow, max-snippet:-1, max-image-preview:large, max-video-preview:-1\" \/>\n<link rel=\"canonical\" href=\"https:\/\/elektropaks.pl\/projekty-unijne\/\" \/>\n<meta property=\"og:locale\" content=\"en_US\" \/>\n<meta property=\"og:type\" content=\"article\" \/>\n<meta property=\"og:title\" content=\"EU Projects - Projektowanie, budowa oraz modernizacja: linii WN i Sn, stacji energetycznych\" \/>\n<meta property=\"og:description\" content=\"EU Projects ELEKTROPAKS Sp. z o.o. completed a project under Priority Axis 4 Environmentally Friendly Energy, Measure 4.2 Production of Energy from RES in Enterprises, of the Regional Operational Program of Lubelskie Voivodeship for the years 2014-2020: RPLU.04.02.00-06-0324\/20 &#8211; Production of energy from RES at Elektropaks Sp. z o.o. As part of this project, three photovoltaic installations with a total capacity of up to 131 kWp were installed on the roofs of buildings located in Pu\u0142awy: Office &#8211; ul. D\u0119bli\u0144ska 6, 24-110 Pu\u0142awyWarehouse &#8211; ul. D\u0119bli\u0144ska 4D, 24-100 Pu\u0142awyHotel Facility &#8211; ul. 6-go Sierpnia 43B, 24-100 Pu\u0142awy Elektropaks Sp. z o.o. also completed three projects co-financed by the European Union and the national budget under the Regional Operational Program of Lubelskie Voivodeship 2007-2013: &#8220;Increasing the competitiveness of the Elektropaks Production, Trade, and Service Company through the acquisition of innovative technologies and the use of information and communication technologies (ICT).&#8221;&#8220;Strengthening machinery, technological, and human resource potential to increase ELEKTROPAKS&#8217;s competitiveness in the domestic market.&#8221;&#8220;Hotel and catering complex &#8220;Trzy Korony&#8221;. Project No.: 03.09-WND-RPLU.01.05.00-06-017\/09.&#8221;\" \/>\n<meta property=\"og:url\" content=\"https:\/\/elektropaks.pl\/projekty-unijne\/\" \/>\n<meta property=\"og:site_name\" content=\"Projektowanie, budowa oraz modernizacja: linii WN i Sn, stacji energetycznych\" \/>\n<meta property=\"article:modified_time\" content=\"2025-06-10T12:10:51+00:00\" \/>\n<meta property=\"og:image\" content=\"https:\/\/elektropaks.pl\/wp-content\/uploads\/2024\/09\/loga_ue-e1725270066671.jpg\" \/>\n\t<meta property=\"og:image:width\" content=\"363\" \/>\n\t<meta property=\"og:image:height\" content=\"29\" \/>\n\t<meta property=\"og:image:type\" content=\"image\/jpeg\" \/>\n<meta name=\"twitter:card\" content=\"summary_large_image\" \/>\n<meta name=\"twitter:label1\" content=\"Est. reading time\" \/>\n\t<meta name=\"twitter:data1\" content=\"1 minute\" \/>\n<script type=\"application\/ld+json\" class=\"yoast-schema-graph\">{\"@context\":\"https:\/\/schema.org\",\"@graph\":[{\"@type\":\"WebPage\",\"@id\":\"https:\/\/elektropaks.pl\/projekty-unijne\/\",\"url\":\"https:\/\/elektropaks.pl\/projekty-unijne\/\",\"name\":\"EU Projects - Projektowanie, budowa oraz modernizacja: linii WN i Sn, stacji energetycznych\",\"isPartOf\":{\"@id\":\"https:\/\/elektropaks.pl\/#website\"},\"primaryImageOfPage\":{\"@id\":\"https:\/\/elektropaks.pl\/projekty-unijne\/#primaryimage\"},\"image\":{\"@id\":\"https:\/\/elektropaks.pl\/projekty-unijne\/#primaryimage\"},\"thumbnailUrl\":\"https:\/\/elektropaks.pl\/wp-content\/uploads\/2024\/09\/loga_ue-e1725270066671.jpg\",\"datePublished\":\"2024-09-02T09:37:47+00:00\",\"dateModified\":\"2025-06-10T12:10:51+00:00\",\"breadcrumb\":{\"@id\":\"https:\/\/elektropaks.pl\/projekty-unijne\/#breadcrumb\"},\"inLanguage\":\"en-US\",\"potentialAction\":[{\"@type\":\"ReadAction\",\"target\":[\"https:\/\/elektropaks.pl\/projekty-unijne\/\"]}]},{\"@type\":\"ImageObject\",\"inLanguage\":\"en-US\",\"@id\":\"https:\/\/elektropaks.pl\/projekty-unijne\/#primaryimage\",\"url\":\"https:\/\/elektropaks.pl\/wp-content\/uploads\/2024\/09\/loga_ue-e1725270066671.jpg\",\"contentUrl\":\"https:\/\/elektropaks.pl\/wp-content\/uploads\/2024\/09\/loga_ue-e1725270066671.jpg\"},{\"@type\":\"BreadcrumbList\",\"@id\":\"https:\/\/elektropaks.pl\/projekty-unijne\/#breadcrumb\",\"itemListElement\":[{\"@type\":\"ListItem\",\"position\":1,\"name\":\"Strona g\u0142\u00f3wna\",\"item\":\"https:\/\/elektropaks.pl\/\"},{\"@type\":\"ListItem\",\"position\":2,\"name\":\"EU&nbsp;Projects\"}]},{\"@type\":\"WebSite\",\"@id\":\"https:\/\/elektropaks.pl\/#website\",\"url\":\"https:\/\/elektropaks.pl\/\",\"name\":\"Projektowanie, budowa oraz modernizacja: linii WN i Sn, stacji energetycznych\",\"description\":\"\",\"publisher\":{\"@id\":\"https:\/\/elektropaks.pl\/#organization\"},\"potentialAction\":[{\"@type\":\"SearchAction\",\"target\":{\"@type\":\"EntryPoint\",\"urlTemplate\":\"https:\/\/elektropaks.pl\/?s={search_term_string}\"},\"query-input\":{\"@type\":\"PropertyValueSpecification\",\"valueRequired\":true,\"valueName\":\"search_term_string\"}}],\"inLanguage\":\"en-US\"},{\"@type\":\"Organization\",\"@id\":\"https:\/\/elektropaks.pl\/#organization\",\"name\":\"Projektowanie, budowa oraz modernizacja: linii WN i Sn, stacji energetycznych\",\"url\":\"https:\/\/elektropaks.pl\/\",\"logo\":{\"@type\":\"ImageObject\",\"inLanguage\":\"en-US\",\"@id\":\"https:\/\/elektropaks.pl\/#\/schema\/logo\/image\/\",\"url\":\"https:\/\/elektropaks.pl\/wp-content\/uploads\/2024\/12\/logo_biale-retina.png\",\"contentUrl\":\"https:\/\/elektropaks.pl\/wp-content\/uploads\/2024\/12\/logo_biale-retina.png\",\"width\":320,\"height\":75,\"caption\":\"Projektowanie, budowa oraz modernizacja: linii WN i Sn, stacji energetycznych\"},\"image\":{\"@id\":\"https:\/\/elektropaks.pl\/#\/schema\/logo\/image\/\"}}]}<\/script>\n<!-- \/ Yoast SEO plugin. -->","yoast_head_json":{"title":"EU Projects - Projektowanie, budowa oraz modernizacja: linii WN i Sn, stacji energetycznych","robots":{"index":"index","follow":"follow","max-snippet":"max-snippet:-1","max-image-preview":"max-image-preview:large","max-video-preview":"max-video-preview:-1"},"canonical":"https:\/\/elektropaks.pl\/projekty-unijne\/","og_locale":"en_US","og_type":"article","og_title":"EU Projects - Projektowanie, budowa oraz modernizacja: linii WN i Sn, stacji energetycznych","og_description":"EU Projects ELEKTROPAKS Sp. z o.o. completed a project under Priority Axis 4 Environmentally Friendly Energy, Measure 4.2 Production of Energy from RES in Enterprises, of the Regional Operational Program of Lubelskie Voivodeship for the years 2014-2020: RPLU.04.02.00-06-0324\/20 &#8211; Production of energy from RES at Elektropaks Sp. z o.o. As part of this project, three photovoltaic installations with a total capacity of up to 131 kWp were installed on the roofs of buildings located in Pu\u0142awy: Office &#8211; ul. D\u0119bli\u0144ska 6, 24-110 Pu\u0142awyWarehouse &#8211; ul. D\u0119bli\u0144ska 4D, 24-100 Pu\u0142awyHotel Facility &#8211; ul. 6-go Sierpnia 43B, 24-100 Pu\u0142awy Elektropaks Sp. z o.o. also completed three projects co-financed by the European Union and the national budget under the Regional Operational Program of Lubelskie Voivodeship 2007-2013: &#8220;Increasing the competitiveness of the Elektropaks Production, Trade, and Service Company through the acquisition of innovative technologies and the use of information and communication technologies (ICT).&#8221;&#8220;Strengthening machinery, technological, and human resource potential to increase ELEKTROPAKS&#8217;s competitiveness in the domestic market.&#8221;&#8220;Hotel and catering complex &#8220;Trzy Korony&#8221;. Project No.: 03.09-WND-RPLU.01.05.00-06-017\/09.&#8221;","og_url":"https:\/\/elektropaks.pl\/projekty-unijne\/","og_site_name":"Projektowanie, budowa oraz modernizacja: linii WN i Sn, stacji energetycznych","article_modified_time":"2025-06-10T12:10:51+00:00","og_image":[{"width":363,"height":29,"url":"https:\/\/elektropaks.pl\/wp-content\/uploads\/2024\/09\/loga_ue-e1725270066671.jpg","type":"image\/jpeg"}],"twitter_card":"summary_large_image","twitter_misc":{"Est. reading time":"1 minute"},"schema":{"@context":"https:\/\/schema.org","@graph":[{"@type":"WebPage","@id":"https:\/\/elektropaks.pl\/projekty-unijne\/","url":"https:\/\/elektropaks.pl\/projekty-unijne\/","name":"EU Projects - Projektowanie, budowa oraz modernizacja: linii WN i Sn, stacji energetycznych","isPartOf":{"@id":"https:\/\/elektropaks.pl\/#website"},"primaryImageOfPage":{"@id":"https:\/\/elektropaks.pl\/projekty-unijne\/#primaryimage"},"image":{"@id":"https:\/\/elektropaks.pl\/projekty-unijne\/#primaryimage"},"thumbnailUrl":"https:\/\/elektropaks.pl\/wp-content\/uploads\/2024\/09\/loga_ue-e1725270066671.jpg","datePublished":"2024-09-02T09:37:47+00:00","dateModified":"2025-06-10T12:10:51+00:00","breadcrumb":{"@id":"https:\/\/elektropaks.pl\/projekty-unijne\/#breadcrumb"},"inLanguage":"en-US","potentialAction":[{"@type":"ReadAction","target":["https:\/\/elektropaks.pl\/projekty-unijne\/"]}]},{"@type":"ImageObject","inLanguage":"en-US","@id":"https:\/\/elektropaks.pl\/projekty-unijne\/#primaryimage","url":"https:\/\/elektropaks.pl\/wp-content\/uploads\/2024\/09\/loga_ue-e1725270066671.jpg","contentUrl":"https:\/\/elektropaks.pl\/wp-content\/uploads\/2024\/09\/loga_ue-e1725270066671.jpg"},{"@type":"BreadcrumbList","@id":"https:\/\/elektropaks.pl\/projekty-unijne\/#breadcrumb","itemListElement":[{"@type":"ListItem","position":1,"name":"Strona g\u0142\u00f3wna","item":"https:\/\/elektropaks.pl\/"},{"@type":"ListItem","position":2,"name":"EU&nbsp;Projects"}]},{"@type":"WebSite","@id":"https:\/\/elektropaks.pl\/#website","url":"https:\/\/elektropaks.pl\/","name":"Projektowanie, budowa oraz modernizacja: linii WN i Sn, stacji energetycznych","description":"","publisher":{"@id":"https:\/\/elektropaks.pl\/#organization"},"potentialAction":[{"@type":"SearchAction","target":{"@type":"EntryPoint","urlTemplate":"https:\/\/elektropaks.pl\/?s={search_term_string}"},"query-input":{"@type":"PropertyValueSpecification","valueRequired":true,"valueName":"search_term_string"}}],"inLanguage":"en-US"},{"@type":"Organization","@id":"https:\/\/elektropaks.pl\/#organization","name":"Projektowanie, budowa oraz modernizacja: linii WN i Sn, stacji energetycznych","url":"https:\/\/elektropaks.pl\/","logo":{"@type":"ImageObject","inLanguage":"en-US","@id":"https:\/\/elektropaks.pl\/#\/schema\/logo\/image\/","url":"https:\/\/elektropaks.pl\/wp-content\/uploads\/2024\/12\/logo_biale-retina.png","contentUrl":"https:\/\/elektropaks.pl\/wp-content\/uploads\/2024\/12\/logo_biale-retina.png","width":320,"height":75,"caption":"Projektowanie, budowa oraz modernizacja: linii WN i Sn, stacji energetycznych"},"image":{"@id":"https:\/\/elektropaks.pl\/#\/schema\/logo\/image\/"}}]}},"_links":{"self":[{"href":"https:\/\/elektropaks.pl\/en\/wp-json\/wp\/v2\/pages\/3027","targetHints":{"allow":["GET"]}}],"collection":[{"href":"https:\/\/elektropaks.pl\/en\/wp-json\/wp\/v2\/pages"}],"about":[{"href":"https:\/\/elektropaks.pl\/en\/wp-json\/wp\/v2\/types\/page"}],"author":[{"embeddable":true,"href":"https:\/\/elektropaks.pl\/en\/wp-json\/wp\/v2\/users\/1"}],"replies":[{"embeddable":true,"href":"https:\/\/elektropaks.pl\/en\/wp-json\/wp\/v2\/comments?post=3027"}],"version-history":[{"count":4,"href":"https:\/\/elektropaks.pl\/en\/wp-json\/wp\/v2\/pages\/3027\/revisions"}],"predecessor-version":[{"id":3031,"href":"https:\/\/elektropaks.pl\/en\/wp-json\/wp\/v2\/pages\/3027\/revisions\/3031"}],"wp:attachment":[{"href":"https:\/\/elektropaks.pl\/en\/wp-json\/wp\/v2\/media?parent=3027"}],"curies":[{"name":"wp","href":"https:\/\/api.w.org\/{rel}","templated":true}]}}