{"id":3972,"date":"2024-09-02T11:37:47","date_gmt":"2024-09-02T09:37:47","guid":{"rendered":"https:\/\/elektropaks.pl\/?page_id=3972"},"modified":"2026-01-16T17:32:40","modified_gmt":"2026-01-16T16:32:40","slug":"eu-projekte","status":"publish","type":"page","link":"https:\/\/elektropaks.pl\/de\/eu-projekte\/","title":{"rendered":"EU-Projekte"},"content":{"rendered":"\t\t<div data-elementor-type=\"wp-page\" data-elementor-id=\"3972\" class=\"elementor elementor-3972 elementor-1695\" data-elementor-settings=\"{&quot;ha_cmc_init_switcher&quot;:&quot;no&quot;}\" data-elementor-post-type=\"page\">\n\t\t\t\t<div class=\"elementor-element elementor-element-a0ffa71 e-flex e-con-boxed wpr-particle-no wpr-jarallax-no wpr-parallax-no wpr-sticky-section-no e-con e-parent\" data-id=\"a0ffa71\" data-element_type=\"container\" data-e-type=\"container\" data-settings=\"{&quot;background_background&quot;:&quot;classic&quot;,&quot;_ha_eqh_enable&quot;:false}\">\n\t\t\t\t\t<div class=\"e-con-inner\">\n\t\t<div class=\"elementor-element elementor-element-9de5196 e-con-full e-flex wpr-particle-no wpr-jarallax-no wpr-parallax-no wpr-sticky-section-no e-con e-child\" data-id=\"9de5196\" data-element_type=\"container\" data-e-type=\"container\" data-settings=\"{&quot;_ha_eqh_enable&quot;:false}\">\n\t\t\t\t<div class=\"elementor-element elementor-element-2679d83 elementor-widget elementor-widget-heading\" data-id=\"2679d83\" data-element_type=\"widget\" data-e-type=\"widget\" data-widget_type=\"heading.default\">\n\t\t\t\t<div class=\"elementor-widget-container\">\n\t\t\t\t\t<h1 class=\"elementor-heading-title elementor-size-default\">EU-Projekte<\/h1>\t\t\t\t<\/div>\n\t\t\t\t<\/div>\n\t\t\t\t<div class=\"elementor-element elementor-element-fcc3f68 elementor-widget-divider--view-line elementor-widget elementor-widget-divider\" data-id=\"fcc3f68\" data-element_type=\"widget\" data-e-type=\"widget\" data-widget_type=\"divider.default\">\n\t\t\t\t<div class=\"elementor-widget-container\">\n\t\t\t\t\t\t\t<div class=\"elementor-divider\">\n\t\t\t<span class=\"elementor-divider-separator\">\n\t\t\t\t\t\t<\/span>\n\t\t<\/div>\n\t\t\t\t\t\t<\/div>\n\t\t\t\t<\/div>\n\t\t\t\t<\/div>\n\t\t\t\t\t<\/div>\n\t\t\t\t<\/div>\n\t\t<div class=\"elementor-element elementor-element-a5ca211 e-flex e-con-boxed wpr-particle-no wpr-jarallax-no wpr-parallax-no wpr-sticky-section-no e-con e-parent\" data-id=\"a5ca211\" data-element_type=\"container\" data-e-type=\"container\" data-settings=\"{&quot;background_background&quot;:&quot;classic&quot;,&quot;_ha_eqh_enable&quot;:false}\">\n\t\t\t\t\t<div class=\"e-con-inner\">\n\t\t<div class=\"elementor-element elementor-element-649087a e-con-full e-flex wpr-particle-no wpr-jarallax-no wpr-parallax-no wpr-sticky-section-no e-con e-child\" data-id=\"649087a\" data-element_type=\"container\" data-e-type=\"container\" data-settings=\"{&quot;_ha_eqh_enable&quot;:false}\">\n\t\t\t\t<div class=\"elementor-element elementor-element-50a86dc elementor-widget elementor-widget-image\" data-id=\"50a86dc\" data-element_type=\"widget\" data-e-type=\"widget\" data-widget_type=\"image.default\">\n\t\t\t\t<div class=\"elementor-widget-container\">\n\t\t\t\t\t\t\t\t\t\t\t\t\t\t\t<img decoding=\"async\" width=\"363\" height=\"29\" src=\"https:\/\/elektropaks.pl\/wp-content\/uploads\/2024\/09\/loga_ue-e1725270066671.jpg\" class=\"attachment-large size-large wp-image-3828\" alt=\"\" srcset=\"https:\/\/elektropaks.pl\/wp-content\/uploads\/2024\/09\/loga_ue-e1725270066671.jpg 363w, https:\/\/elektropaks.pl\/wp-content\/uploads\/2024\/09\/loga_ue-e1725270066671-300x24.jpg 300w\" sizes=\"(max-width: 363px) 100vw, 363px\" \/>\t\t\t\t\t\t\t\t\t\t\t\t\t\t\t<\/div>\n\t\t\t\t<\/div>\n\t\t\t\t<div class=\"elementor-element elementor-element-1d4131e elementor-widget elementor-widget-text-editor\" data-id=\"1d4131e\" data-element_type=\"widget\" data-e-type=\"widget\" data-widget_type=\"text-editor.default\">\n\t\t\t\t<div class=\"elementor-widget-container\">\n\t\t\t\t\t\t\t\t\t<p>Das Unternehmen <span style=\"color: #ff0000;\"><b>ELEKTROPAKS Sp. z o.o.<\/b> <\/span>hat ein Projekt im Rahmen der Priorit\u00e4tsachse 4 \u201eUmweltfreundliche Energie\u201c, Ma\u00dfnahme 4.2 \u201eErzeugung von Energie aus erneuerbaren Energiequellen in Unternehmen\u201c des Regionalen Operativen Programms der Woiwodschaft Lublin f\u00fcr die Jahre 2014\u20132020 umgesetzt:<\/p><p>RPLU.04.02.00-06-0324\/20 \u2013 Erzeugung von Energie aus erneuerbaren Energiequellen bei Elektropaks Sp. z o.o.<\/p><p>Im Rahmen des Projekts wurden drei Photovoltaikanlagen mit einer Gesamtleistung von bis zu 131 kWp auf den D\u00e4chern von Geb\u00e4uden in der Stadt Pu\u0142awy installiert:<\/p><p><strong>B\u00fcro \u2013 ul. D\u0119bli\u0144ska 6, 24-110 Pu\u0142awy<\/strong><\/p><p><strong>Lagerhalle \u2013 ul. D\u0119bli\u0144ska 4D, 24-100 Pu\u0142awy<\/strong><\/p><p><strong>Hotelobjekt \u2013 ul. 6-go Sierpnia 43B, 24-100 Pu\u0142awy<\/strong><\/p><p>Das Unternehmen ELEKTROPAKS Sp. z o.o. hat au\u00dferdem drei Projekte realisiert, die aus Mitteln der Europ\u00e4ischen Union und des nationalen Haushalts im Rahmen des Regionalen Operativen Programms der Woiwodschaft Lublin 2007\u20132013 kofinanziert wurden:<\/p><p>\u201eSteigerung der Wettbewerbsf\u00e4higkeit des Produktions-, Handels- und Dienstleistungsunternehmens Elektropaks durch den Erwerb innovativer Technologien sowie den Einsatz von Informations- und Kommunikationstechnologien (IKT)\u201c.<\/p><p>\u201eSt\u00e4rkung des Maschinen-, Technologie- und Personalpotenzials zur Erh\u00f6hung der Wettbewerbsf\u00e4higkeit von ELEKTROPAKS auf dem nationalen Markt\u201c.<\/p><p>\u201eHotel- und Gastronomiekomplex \u201aTrzy Korony\u2018. Projektnr.: 03.09-WND-RPLU.01.05.00-06-017\/09\u201c.<\/p>\t\t\t\t\t\t\t\t<\/div>\n\t\t\t\t<\/div>\n\t\t\t\t<\/div>\n\t\t\t\t\t<\/div>\n\t\t\t\t<\/div>\n\t\t\t\t<\/div>\n\t\t","protected":false},"excerpt":{"rendered":"<p>EU-Projekte Das Unternehmen ELEKTROPAKS Sp. z o.o. hat ein Projekt im Rahmen der Priorit\u00e4tsachse 4 \u201eUmweltfreundliche Energie\u201c, Ma\u00dfnahme 4.2 \u201eErzeugung von Energie aus erneuerbaren Energiequellen in Unternehmen\u201c des Regionalen Operativen Programms der Woiwodschaft Lublin f\u00fcr die Jahre 2014\u20132020 umgesetzt: RPLU.04.02.00-06-0324\/20 \u2013 Erzeugung von Energie aus erneuerbaren Energiequellen bei Elektropaks Sp. z o.o. Im Rahmen des Projekts wurden drei Photovoltaikanlagen mit einer Gesamtleistung von bis zu 131 kWp auf den D\u00e4chern von Geb\u00e4uden in der Stadt Pu\u0142awy installiert: B\u00fcro \u2013 ul. D\u0119bli\u0144ska 6, 24-110 Pu\u0142awy Lagerhalle \u2013 ul. D\u0119bli\u0144ska 4D, 24-100 Pu\u0142awy Hotelobjekt \u2013 ul. 6-go Sierpnia 43B, 24-100 Pu\u0142awy Das Unternehmen ELEKTROPAKS Sp. z o.o. hat au\u00dferdem drei Projekte realisiert, die aus Mitteln der Europ\u00e4ischen Union und des nationalen Haushalts im Rahmen des Regionalen Operativen Programms der Woiwodschaft Lublin 2007\u20132013 kofinanziert wurden: \u201eSteigerung der Wettbewerbsf\u00e4higkeit des Produktions-, Handels- und Dienstleistungsunternehmens Elektropaks durch den Erwerb innovativer Technologien sowie den Einsatz von Informations- und Kommunikationstechnologien (IKT)\u201c. \u201eSt\u00e4rkung des Maschinen-, Technologie- und Personalpotenzials zur Erh\u00f6hung der Wettbewerbsf\u00e4higkeit von ELEKTROPAKS auf dem nationalen Markt\u201c. \u201eHotel- und Gastronomiekomplex \u201aTrzy Korony\u2018. Projektnr.: 03.09-WND-RPLU.01.05.00-06-017\/09\u201c.<\/p>\n","protected":false},"author":1,"featured_media":0,"parent":0,"menu_order":0,"comment_status":"closed","ping_status":"closed","template":"","meta":{"_acf_changed":false,"site-sidebar-layout":"no-sidebar","site-content-layout":"page-builder","ast-site-content-layout":"full-width-container","site-content-style":"unboxed","site-sidebar-style":"unboxed","ast-global-header-display":"","ast-banner-title-visibility":"","ast-main-header-display":"","ast-hfb-above-header-display":"","ast-hfb-below-header-display":"","ast-hfb-mobile-header-display":"","site-post-title":"disabled","ast-breadcrumbs-content":"disabled","ast-featured-img":"disabled","footer-sml-layout":"","ast-disable-related-posts":"","theme-transparent-header-meta":"enabled","adv-header-id-meta":"","stick-header-meta":"","header-above-stick-meta":"","header-main-stick-meta":"","header-below-stick-meta":"","astra-migrate-meta-layouts":"set","ast-page-background-enabled":"default","ast-page-background-meta":{"desktop":{"background-color":"","background-image":"","background-repeat":"repeat","background-position":"center center","background-size":"auto","background-attachment":"scroll","background-type":"","background-media":"","overlay-type":"","overlay-color":"","overlay-opacity":"","overlay-gradient":""},"tablet":{"background-color":"","background-image":"","background-repeat":"repeat","background-position":"center center","background-size":"auto","background-attachment":"scroll","background-type":"","background-media":"","overlay-type":"","overlay-color":"","overlay-opacity":"","overlay-gradient":""},"mobile":{"background-color":"","background-image":"","background-repeat":"repeat","background-position":"center center","background-size":"auto","background-attachment":"scroll","background-type":"","background-media":"","overlay-type":"","overlay-color":"","overlay-opacity":"","overlay-gradient":""}},"ast-content-background-meta":{"desktop":{"background-color":"var(--ast-global-color-4)","background-image":"","background-repeat":"repeat","background-position":"center center","background-size":"auto","background-attachment":"scroll","background-type":"","background-media":"","overlay-type":"","overlay-color":"","overlay-opacity":"","overlay-gradient":""},"tablet":{"background-color":"var(--ast-global-color-4)","background-image":"","background-repeat":"repeat","background-position":"center center","background-size":"auto","background-attachment":"scroll","background-type":"","background-media":"","overlay-type":"","overlay-color":"","overlay-opacity":"","overlay-gradient":""},"mobile":{"background-color":"var(--ast-global-color-4)","background-image":"","background-repeat":"repeat","background-position":"center center","background-size":"auto","background-attachment":"scroll","background-type":"","background-media":"","overlay-type":"","overlay-color":"","overlay-opacity":"","overlay-gradient":""}},"footnotes":""},"class_list":["post-3972","page","type-page","status-publish","hentry"],"acf":[],"yoast_head":"<!-- This site is optimized with the Yoast SEO plugin v27.0 - https:\/\/yoast.com\/product\/yoast-seo-wordpress\/ -->\n<title>EU-Projekte - Planung, Bau und Modernisierung von Hoch- und Mittelspannungsleitungen sowie Umspannstationen<\/title>\n<meta name=\"robots\" content=\"index, follow, max-snippet:-1, max-image-preview:large, max-video-preview:-1\" \/>\n<link rel=\"canonical\" href=\"https:\/\/elektropaks.pl\/de\/eu-projekte\/\" \/>\n<meta property=\"og:locale\" content=\"de_DE\" \/>\n<meta property=\"og:type\" content=\"article\" \/>\n<meta property=\"og:title\" content=\"EU-Projekte - Planung, Bau und Modernisierung von Hoch- und Mittelspannungsleitungen sowie Umspannstationen\" \/>\n<meta property=\"og:description\" content=\"EU-Projekte Das Unternehmen ELEKTROPAKS Sp. z o.o. hat ein Projekt im Rahmen der Priorit\u00e4tsachse 4 \u201eUmweltfreundliche Energie\u201c, Ma\u00dfnahme 4.2 \u201eErzeugung von Energie aus erneuerbaren Energiequellen in Unternehmen\u201c des Regionalen Operativen Programms der Woiwodschaft Lublin f\u00fcr die Jahre 2014\u20132020 umgesetzt: RPLU.04.02.00-06-0324\/20 \u2013 Erzeugung von Energie aus erneuerbaren Energiequellen bei Elektropaks Sp. z o.o. Im Rahmen des Projekts wurden drei Photovoltaikanlagen mit einer Gesamtleistung von bis zu 131 kWp auf den D\u00e4chern von Geb\u00e4uden in der Stadt Pu\u0142awy installiert: B\u00fcro \u2013 ul. D\u0119bli\u0144ska 6, 24-110 Pu\u0142awy Lagerhalle \u2013 ul. D\u0119bli\u0144ska 4D, 24-100 Pu\u0142awy Hotelobjekt \u2013 ul. 6-go Sierpnia 43B, 24-100 Pu\u0142awy Das Unternehmen ELEKTROPAKS Sp. z o.o. hat au\u00dferdem drei Projekte realisiert, die aus Mitteln der Europ\u00e4ischen Union und des nationalen Haushalts im Rahmen des Regionalen Operativen Programms der Woiwodschaft Lublin 2007\u20132013 kofinanziert wurden: \u201eSteigerung der Wettbewerbsf\u00e4higkeit des Produktions-, Handels- und Dienstleistungsunternehmens Elektropaks durch den Erwerb innovativer Technologien sowie den Einsatz von Informations- und Kommunikationstechnologien (IKT)\u201c. \u201eSt\u00e4rkung des Maschinen-, Technologie- und Personalpotenzials zur Erh\u00f6hung der Wettbewerbsf\u00e4higkeit von ELEKTROPAKS auf dem nationalen Markt\u201c. \u201eHotel- und Gastronomiekomplex \u201aTrzy Korony\u2018. Projektnr.: 03.09-WND-RPLU.01.05.00-06-017\/09\u201c.\" \/>\n<meta property=\"og:url\" content=\"https:\/\/elektropaks.pl\/de\/eu-projekte\/\" \/>\n<meta property=\"og:site_name\" content=\"Planung, Bau und Modernisierung von Hoch- und Mittelspannungsleitungen sowie Umspannstationen\" \/>\n<meta property=\"article:modified_time\" content=\"2026-01-16T16:32:40+00:00\" \/>\n<meta property=\"og:image\" content=\"https:\/\/elektropaks.pl\/wp-content\/uploads\/2024\/09\/loga_ue-e1725270066671.jpg\" \/>\n\t<meta property=\"og:image:width\" content=\"363\" \/>\n\t<meta property=\"og:image:height\" content=\"29\" \/>\n\t<meta property=\"og:image:type\" content=\"image\/jpeg\" \/>\n<meta name=\"twitter:card\" content=\"summary_large_image\" \/>\n<meta name=\"twitter:label1\" content=\"Gesch\u00e4tzte Lesezeit\" \/>\n\t<meta name=\"twitter:data1\" content=\"2\u00a0Minuten\" \/>\n<script type=\"application\/ld+json\" class=\"yoast-schema-graph\">{\"@context\":\"https:\/\/schema.org\",\"@graph\":[{\"@type\":\"WebPage\",\"@id\":\"https:\/\/elektropaks.pl\/de\/eu-projekte\/\",\"url\":\"https:\/\/elektropaks.pl\/de\/eu-projekte\/\",\"name\":\"EU-Projekte - Planung, Bau und Modernisierung von Hoch- und Mittelspannungsleitungen sowie Umspannstationen\",\"isPartOf\":{\"@id\":\"https:\/\/elektropaks.pl\/#website\"},\"primaryImageOfPage\":{\"@id\":\"https:\/\/elektropaks.pl\/de\/eu-projekte\/#primaryimage\"},\"image\":{\"@id\":\"https:\/\/elektropaks.pl\/de\/eu-projekte\/#primaryimage\"},\"thumbnailUrl\":\"https:\/\/elektropaks.pl\/wp-content\/uploads\/2024\/09\/loga_ue-e1725270066671.jpg\",\"datePublished\":\"2024-09-02T09:37:47+00:00\",\"dateModified\":\"2026-01-16T16:32:40+00:00\",\"breadcrumb\":{\"@id\":\"https:\/\/elektropaks.pl\/de\/eu-projekte\/#breadcrumb\"},\"inLanguage\":\"de\",\"potentialAction\":[{\"@type\":\"ReadAction\",\"target\":[\"https:\/\/elektropaks.pl\/de\/eu-projekte\/\"]}]},{\"@type\":\"ImageObject\",\"inLanguage\":\"de\",\"@id\":\"https:\/\/elektropaks.pl\/de\/eu-projekte\/#primaryimage\",\"url\":\"https:\/\/elektropaks.pl\/wp-content\/uploads\/2024\/09\/loga_ue-e1725270066671.jpg\",\"contentUrl\":\"https:\/\/elektropaks.pl\/wp-content\/uploads\/2024\/09\/loga_ue-e1725270066671.jpg\"},{\"@type\":\"BreadcrumbList\",\"@id\":\"https:\/\/elektropaks.pl\/de\/eu-projekte\/#breadcrumb\",\"itemListElement\":[{\"@type\":\"ListItem\",\"position\":1,\"name\":\"Strona g\u0142\u00f3wna\",\"item\":\"https:\/\/elektropaks.pl\/de\/\"},{\"@type\":\"ListItem\",\"position\":2,\"name\":\"EU-Projekte\"}]},{\"@type\":\"WebSite\",\"@id\":\"https:\/\/elektropaks.pl\/#website\",\"url\":\"https:\/\/elektropaks.pl\/\",\"name\":\"Planung, Bau und Modernisierung von Hoch- und Mittelspannungsleitungen sowie Umspannstationen\",\"description\":\"\",\"publisher\":{\"@id\":\"https:\/\/elektropaks.pl\/#organization\"},\"potentialAction\":[{\"@type\":\"SearchAction\",\"target\":{\"@type\":\"EntryPoint\",\"urlTemplate\":\"https:\/\/elektropaks.pl\/?s={search_term_string}\"},\"query-input\":{\"@type\":\"PropertyValueSpecification\",\"valueRequired\":true,\"valueName\":\"search_term_string\"}}],\"inLanguage\":\"de\"},{\"@type\":\"Organization\",\"@id\":\"https:\/\/elektropaks.pl\/#organization\",\"name\":\"Planung, Bau und Modernisierung von Hoch- und Mittelspannungsleitungen sowie Umspannstationen\",\"url\":\"https:\/\/elektropaks.pl\/\",\"logo\":{\"@type\":\"ImageObject\",\"inLanguage\":\"de\",\"@id\":\"https:\/\/elektropaks.pl\/#\/schema\/logo\/image\/\",\"url\":\"https:\/\/elektropaks.pl\/wp-content\/uploads\/2024\/12\/logo_biale-retina.png\",\"contentUrl\":\"https:\/\/elektropaks.pl\/wp-content\/uploads\/2024\/12\/logo_biale-retina.png\",\"width\":320,\"height\":75,\"caption\":\"Planung, Bau und Modernisierung von Hoch- und Mittelspannungsleitungen sowie Umspannstationen\"},\"image\":{\"@id\":\"https:\/\/elektropaks.pl\/#\/schema\/logo\/image\/\"}}]}<\/script>\n<!-- \/ Yoast SEO plugin. -->","yoast_head_json":{"title":"EU-Projekte - Planung, Bau und Modernisierung von Hoch- und Mittelspannungsleitungen sowie Umspannstationen","robots":{"index":"index","follow":"follow","max-snippet":"max-snippet:-1","max-image-preview":"max-image-preview:large","max-video-preview":"max-video-preview:-1"},"canonical":"https:\/\/elektropaks.pl\/de\/eu-projekte\/","og_locale":"de_DE","og_type":"article","og_title":"EU-Projekte - Planung, Bau und Modernisierung von Hoch- und Mittelspannungsleitungen sowie Umspannstationen","og_description":"EU-Projekte Das Unternehmen ELEKTROPAKS Sp. z o.o. hat ein Projekt im Rahmen der Priorit\u00e4tsachse 4 \u201eUmweltfreundliche Energie\u201c, Ma\u00dfnahme 4.2 \u201eErzeugung von Energie aus erneuerbaren Energiequellen in Unternehmen\u201c des Regionalen Operativen Programms der Woiwodschaft Lublin f\u00fcr die Jahre 2014\u20132020 umgesetzt: RPLU.04.02.00-06-0324\/20 \u2013 Erzeugung von Energie aus erneuerbaren Energiequellen bei Elektropaks Sp. z o.o. Im Rahmen des Projekts wurden drei Photovoltaikanlagen mit einer Gesamtleistung von bis zu 131 kWp auf den D\u00e4chern von Geb\u00e4uden in der Stadt Pu\u0142awy installiert: B\u00fcro \u2013 ul. D\u0119bli\u0144ska 6, 24-110 Pu\u0142awy Lagerhalle \u2013 ul. D\u0119bli\u0144ska 4D, 24-100 Pu\u0142awy Hotelobjekt \u2013 ul. 6-go Sierpnia 43B, 24-100 Pu\u0142awy Das Unternehmen ELEKTROPAKS Sp. z o.o. hat au\u00dferdem drei Projekte realisiert, die aus Mitteln der Europ\u00e4ischen Union und des nationalen Haushalts im Rahmen des Regionalen Operativen Programms der Woiwodschaft Lublin 2007\u20132013 kofinanziert wurden: \u201eSteigerung der Wettbewerbsf\u00e4higkeit des Produktions-, Handels- und Dienstleistungsunternehmens Elektropaks durch den Erwerb innovativer Technologien sowie den Einsatz von Informations- und Kommunikationstechnologien (IKT)\u201c. \u201eSt\u00e4rkung des Maschinen-, Technologie- und Personalpotenzials zur Erh\u00f6hung der Wettbewerbsf\u00e4higkeit von ELEKTROPAKS auf dem nationalen Markt\u201c. \u201eHotel- und Gastronomiekomplex \u201aTrzy Korony\u2018. Projektnr.: 03.09-WND-RPLU.01.05.00-06-017\/09\u201c.","og_url":"https:\/\/elektropaks.pl\/de\/eu-projekte\/","og_site_name":"Planung, Bau und Modernisierung von Hoch- und Mittelspannungsleitungen sowie Umspannstationen","article_modified_time":"2026-01-16T16:32:40+00:00","og_image":[{"width":363,"height":29,"url":"https:\/\/elektropaks.pl\/wp-content\/uploads\/2024\/09\/loga_ue-e1725270066671.jpg","type":"image\/jpeg"}],"twitter_card":"summary_large_image","twitter_misc":{"Gesch\u00e4tzte Lesezeit":"2\u00a0Minuten"},"schema":{"@context":"https:\/\/schema.org","@graph":[{"@type":"WebPage","@id":"https:\/\/elektropaks.pl\/de\/eu-projekte\/","url":"https:\/\/elektropaks.pl\/de\/eu-projekte\/","name":"EU-Projekte - Planung, Bau und Modernisierung von Hoch- und Mittelspannungsleitungen sowie Umspannstationen","isPartOf":{"@id":"https:\/\/elektropaks.pl\/#website"},"primaryImageOfPage":{"@id":"https:\/\/elektropaks.pl\/de\/eu-projekte\/#primaryimage"},"image":{"@id":"https:\/\/elektropaks.pl\/de\/eu-projekte\/#primaryimage"},"thumbnailUrl":"https:\/\/elektropaks.pl\/wp-content\/uploads\/2024\/09\/loga_ue-e1725270066671.jpg","datePublished":"2024-09-02T09:37:47+00:00","dateModified":"2026-01-16T16:32:40+00:00","breadcrumb":{"@id":"https:\/\/elektropaks.pl\/de\/eu-projekte\/#breadcrumb"},"inLanguage":"de","potentialAction":[{"@type":"ReadAction","target":["https:\/\/elektropaks.pl\/de\/eu-projekte\/"]}]},{"@type":"ImageObject","inLanguage":"de","@id":"https:\/\/elektropaks.pl\/de\/eu-projekte\/#primaryimage","url":"https:\/\/elektropaks.pl\/wp-content\/uploads\/2024\/09\/loga_ue-e1725270066671.jpg","contentUrl":"https:\/\/elektropaks.pl\/wp-content\/uploads\/2024\/09\/loga_ue-e1725270066671.jpg"},{"@type":"BreadcrumbList","@id":"https:\/\/elektropaks.pl\/de\/eu-projekte\/#breadcrumb","itemListElement":[{"@type":"ListItem","position":1,"name":"Strona g\u0142\u00f3wna","item":"https:\/\/elektropaks.pl\/de\/"},{"@type":"ListItem","position":2,"name":"EU-Projekte"}]},{"@type":"WebSite","@id":"https:\/\/elektropaks.pl\/#website","url":"https:\/\/elektropaks.pl\/","name":"Planung, Bau und Modernisierung von Hoch- und Mittelspannungsleitungen sowie Umspannstationen","description":"","publisher":{"@id":"https:\/\/elektropaks.pl\/#organization"},"potentialAction":[{"@type":"SearchAction","target":{"@type":"EntryPoint","urlTemplate":"https:\/\/elektropaks.pl\/?s={search_term_string}"},"query-input":{"@type":"PropertyValueSpecification","valueRequired":true,"valueName":"search_term_string"}}],"inLanguage":"de"},{"@type":"Organization","@id":"https:\/\/elektropaks.pl\/#organization","name":"Planung, Bau und Modernisierung von Hoch- und Mittelspannungsleitungen sowie Umspannstationen","url":"https:\/\/elektropaks.pl\/","logo":{"@type":"ImageObject","inLanguage":"de","@id":"https:\/\/elektropaks.pl\/#\/schema\/logo\/image\/","url":"https:\/\/elektropaks.pl\/wp-content\/uploads\/2024\/12\/logo_biale-retina.png","contentUrl":"https:\/\/elektropaks.pl\/wp-content\/uploads\/2024\/12\/logo_biale-retina.png","width":320,"height":75,"caption":"Planung, Bau und Modernisierung von Hoch- und Mittelspannungsleitungen sowie Umspannstationen"},"image":{"@id":"https:\/\/elektropaks.pl\/#\/schema\/logo\/image\/"}}]}},"_links":{"self":[{"href":"https:\/\/elektropaks.pl\/de\/wp-json\/wp\/v2\/pages\/3972","targetHints":{"allow":["GET"]}}],"collection":[{"href":"https:\/\/elektropaks.pl\/de\/wp-json\/wp\/v2\/pages"}],"about":[{"href":"https:\/\/elektropaks.pl\/de\/wp-json\/wp\/v2\/types\/page"}],"author":[{"embeddable":true,"href":"https:\/\/elektropaks.pl\/de\/wp-json\/wp\/v2\/users\/1"}],"replies":[{"embeddable":true,"href":"https:\/\/elektropaks.pl\/de\/wp-json\/wp\/v2\/comments?post=3972"}],"version-history":[{"count":4,"href":"https:\/\/elektropaks.pl\/de\/wp-json\/wp\/v2\/pages\/3972\/revisions"}],"predecessor-version":[{"id":3976,"href":"https:\/\/elektropaks.pl\/de\/wp-json\/wp\/v2\/pages\/3972\/revisions\/3976"}],"wp:attachment":[{"href":"https:\/\/elektropaks.pl\/de\/wp-json\/wp\/v2\/media?parent=3972"}],"curies":[{"name":"wp","href":"https:\/\/api.w.org\/{rel}","templated":true}]}}